{"id":10,"date":"2018-08-03T15:44:07","date_gmt":"2018-08-03T13:44:07","guid":{"rendered":"http:\/\/www.capfiesta.fr\/news-capfiesta\/?page_id=10"},"modified":"2018-08-29T18:27:45","modified_gmt":"2018-08-29T16:27:45","slug":"contact","status":"publish","type":"page","link":"https:\/\/capfiesta.fr\/news-capfiesta\/contact\/","title":{"rendered":"Contact"},"content":{"rendered":"<p>D\u00e9couvrez tous nos chapeaux et \u00e9ventails publicitaires ou \u00ab\u00a0mode\u00a0\u00bb sur notre site :\u00a0 <a href=\"https:\/\/capfiesta.fr\">https:\/\/capfiesta.fr<\/a><\/p>\n<p>Nous proposons les <strong>grands classiques de la chapellerie<\/strong> (Indianas, Panamas, trilbys, capelines, canotiers, pork pies&#8230;) en version publicitaire ou \u00ab\u00a0mode\u00a0\u00bb, via les<strong> collections PleinSud<\/strong> et <strong>CapClassic<\/strong>.<\/p>\n<p>Notre <strong>collection CapCountry<\/strong> propose le must des chapeaux country, une collection initi\u00e9e avec nos amis musiciens folk et country, et la <strong>collection CapFolies<\/strong>, des chapeaux festifs \u00ab\u00a0en folie\u00a0\u00bb , publicitaires ou non, et tous azimuts (antillais, sombreros, chinois&#8230; et m\u00eame le chapeau d&rsquo;\u00e2ne, eh oui,\u00a0 le fameux \u00ab\u00a0Cadichon\u00a0\u00bb !).<\/p>\n<p><strong>FiestaFan<\/strong> est notre<strong> collections d&rsquo;\u00e9ventails<\/strong> dans une pl\u00e9thore de styles, factures, formats, mat\u00e9riaux&#8230; Certains \u00e9ventails sont peints \u00e0 la main. Nous proposons aussi des \u00e9ditions sp\u00e9ciales d&rsquo;\u00e9ventails d&rsquo;artistes. Contactez-nous pour mieux vous rep\u00e9rer dans ce choix quasi infini.<\/p>\n<p>Tous nos produits sont fabriqu\u00e9s artisanalement en Espagne, grand p\u00f4le traditionnel de la chapellerie et de l&rsquo;art des \u00e9ventails.<\/p>\n<p>Nous contacter<\/p>\n<div role=\"form\" class=\"wpcf7\" id=\"wpcf7-f464-o1\" lang=\"fr-FR\" dir=\"ltr\">\n<div class=\"screen-reader-response\"><p role=\"status\" aria-live=\"polite\" aria-atomic=\"true\"><\/p> <ul><\/ul><\/div>\n<form action=\"\/news-capfiesta\/wp-json\/wp\/v2\/pages\/10#wpcf7-f464-o1\" method=\"post\" class=\"wpcf7-form init\" novalidate=\"novalidate\" data-status=\"init\">\n<div style=\"display: none;\">\n<input type=\"hidden\" name=\"_wpcf7\" value=\"464\" \/>\n<input type=\"hidden\" name=\"_wpcf7_version\" value=\"5.5.6.1\" \/>\n<input type=\"hidden\" name=\"_wpcf7_locale\" value=\"fr_FR\" \/>\n<input type=\"hidden\" name=\"_wpcf7_unit_tag\" value=\"wpcf7-f464-o1\" \/>\n<input type=\"hidden\" name=\"_wpcf7_container_post\" value=\"0\" \/>\n<input type=\"hidden\" name=\"_wpcf7_posted_data_hash\" value=\"\" \/>\n<\/div>\n<p><label> Votre nom *<br \/>\n    <span class=\"wpcf7-form-control-wrap your-name\"><input type=\"text\" name=\"your-name\" value=\"\" size=\"40\" class=\"wpcf7-form-control wpcf7-text wpcf7-validates-as-required\" aria-required=\"true\" aria-invalid=\"false\" \/><\/span> <\/label><\/p>\n<p><label> Votre adresse de messagerie *<br \/>\n    <span class=\"wpcf7-form-control-wrap your-email\"><input type=\"email\" name=\"your-email\" value=\"\" size=\"40\" class=\"wpcf7-form-control wpcf7-text wpcf7-email wpcf7-validates-as-required wpcf7-validates-as-email\" aria-required=\"true\" aria-invalid=\"false\" \/><\/span> <\/label><\/p>\n<p><label> Objet<br \/>\n    <span class=\"wpcf7-form-control-wrap your-subject\"><input type=\"text\" name=\"your-subject\" value=\"\" size=\"40\" class=\"wpcf7-form-control wpcf7-text\" aria-invalid=\"false\" \/><\/span> <\/label><\/p>\n<p><label> Votre message<br \/>\n    <span class=\"wpcf7-form-control-wrap your-message\"><textarea name=\"your-message\" cols=\"40\" rows=\"10\" class=\"wpcf7-form-control wpcf7-textarea\" aria-invalid=\"false\"><\/textarea><\/span> <\/label><\/p>\n<p><input type=\"submit\" value=\"Envoyer\" class=\"wpcf7-form-control has-spinner wpcf7-submit\" \/><\/p>\n<p style=\"display: none !important;\" class=\"akismet-fields-container\" data-prefix=\"_wpcf7_ak_\"><label>&#916;<textarea name=\"_wpcf7_ak_hp_textarea\" cols=\"45\" rows=\"8\" maxlength=\"100\"><\/textarea><\/label><input type=\"hidden\" id=\"ak_js_1\" name=\"_wpcf7_ak_js\" value=\"0\"\/><script>document.getElementById( \"ak_js_1\" ).setAttribute( \"value\", ( new Date() ).getTime() );<\/script><\/p><div class=\"wpcf7-response-output\" aria-hidden=\"true\"><\/div><\/form><\/div>\n<div class=\"gglcptch gglcptch_invisible\"><div id=\"gglcptch_recaptcha_1189573630\" class=\"gglcptch_recaptcha\"><\/div>\n\t\t\t\t<noscript>\n\t\t\t\t\t<div style=\"width: 302px;\">\n\t\t\t\t\t\t<div style=\"width: 302px; height: 422px; position: relative;\">\n\t\t\t\t\t\t\t<div style=\"width: 302px; height: 422px; position: absolute;\">\n\t\t\t\t\t\t\t\t<iframe src=\"https:\/\/www.google.com\/recaptcha\/api\/fallback?k=6LeAMG0UAAAAAHZ1DkNTkUDfdVqmlWGx47ImROYk\" frameborder=\"0\" scrolling=\"no\" style=\"width: 302px; height:422px; border-style: none;\"><\/iframe>\n\t\t\t\t\t\t\t<\/div>\n\t\t\t\t\t\t<\/div>\n\t\t\t\t\t\t<div style=\"border-style: none; bottom: 12px; left: 25px; margin: 0px; padding: 0px; right: 25px; background: #f9f9f9; border: 1px solid #c1c1c1; border-radius: 3px; height: 60px; width: 300px;\">\n\t\t\t\t\t\t\t<input type=\"hidden\" id=\"g-recaptcha-response\" name=\"g-recaptcha-response\" class=\"g-recaptcha-response\" style=\"width: 250px !important; height: 40px !important; border: 1px solid #c1c1c1 !important; margin: 10px 25px !important; padding: 0px !important; resize: none !important;\">\n\t\t\t\t\t\t<\/div>\n\t\t\t\t\t<\/div>\n\t\t\t\t<\/noscript><\/div>\n","protected":false},"excerpt":{"rendered":"<p>D\u00e9couvrez tous nos chapeaux et \u00e9ventails publicitaires ou \u00ab\u00a0mode\u00a0\u00bb sur notre site :\u00a0 https:\/\/capfiesta.fr Nous proposons les grands classiques de la chapellerie (Indianas, Panamas, trilbys, capelines, canotiers, pork pies&#8230;) en version publicitaire ou \u00ab\u00a0mode\u00a0\u00bb, via les collections PleinSud et CapClassic. Notre collection CapCountry propose le must des chapeaux country, une collection initi\u00e9e avec nos amis &hellip; <\/p>\n<p class=\"link-more\"><a href=\"https:\/\/capfiesta.fr\/news-capfiesta\/contact\/\" class=\"more-link\">Continuer la lecture<span class=\"screen-reader-text\"> de &laquo;&nbsp;Contact&nbsp;&raquo;<\/span><\/a><\/p>\n","protected":false},"author":1,"featured_media":0,"parent":0,"menu_order":0,"comment_status":"closed","ping_status":"closed","template":"","meta":[],"yoast_head":"<!-- This site is optimized with the Yoast SEO plugin v19.3 - https:\/\/yoast.com\/wordpress\/plugins\/seo\/ -->\n<title>Contact - Les News CapFiesta<\/title>\n<meta name=\"robots\" content=\"index, follow, max-snippet:-1, max-image-preview:large, max-video-preview:-1\" \/>\n<link rel=\"canonical\" href=\"https:\/\/capfiesta.fr\/news-capfiesta\/contact\/\" \/>\n<meta property=\"og:locale\" content=\"fr_FR\" \/>\n<meta property=\"og:type\" content=\"article\" \/>\n<meta property=\"og:title\" content=\"Contact - Les News CapFiesta\" \/>\n<meta property=\"og:description\" content=\"D\u00e9couvrez tous nos chapeaux et \u00e9ventails publicitaires ou \u00ab\u00a0mode\u00a0\u00bb sur notre site :\u00a0 https:\/\/capfiesta.fr Nous proposons les grands classiques de la chapellerie (Indianas, Panamas, trilbys, capelines, canotiers, pork pies&#8230;) en version publicitaire ou \u00ab\u00a0mode\u00a0\u00bb, via les collections PleinSud et CapClassic. Notre collection CapCountry propose le must des chapeaux country, une collection initi\u00e9e avec nos amis &hellip; Continuer la lecture de &laquo;&nbsp;Contact&nbsp;&raquo;\" \/>\n<meta property=\"og:url\" content=\"https:\/\/capfiesta.fr\/news-capfiesta\/contact\/\" \/>\n<meta property=\"og:site_name\" content=\"Les News CapFiesta\" \/>\n<meta property=\"article:modified_time\" content=\"2018-08-29T16:27:45+00:00\" \/>\n<meta name=\"twitter:card\" content=\"summary_large_image\" \/>\n<meta name=\"twitter:label1\" content=\"Dur\u00e9e de lecture estim\u00e9e\" \/>\n\t<meta name=\"twitter:data1\" content=\"1 minute\" \/>\n<script type=\"application\/ld+json\" class=\"yoast-schema-graph\">{\"@context\":\"https:\/\/schema.org\",\"@graph\":[{\"@type\":\"Organization\",\"@id\":\"https:\/\/capfiesta.fr\/news-capfiesta\/#organization\",\"name\":\"Les News CapFiesta\",\"url\":\"https:\/\/capfiesta.fr\/news-capfiesta\/\",\"sameAs\":[],\"logo\":{\"@type\":\"ImageObject\",\"inLanguage\":\"fr-FR\",\"@id\":\"https:\/\/capfiesta.fr\/news-capfiesta\/#\/schema\/logo\/image\/\",\"url\":\"https:\/\/capfiesta.fr\/news-capfiesta\/wp-content\/uploads\/2018\/08\/logo_capfiesta_29_aout_news_capfiesta.png\",\"contentUrl\":\"https:\/\/capfiesta.fr\/news-capfiesta\/wp-content\/uploads\/2018\/08\/logo_capfiesta_29_aout_news_capfiesta.png\",\"width\":80,\"height\":78,\"caption\":\"Les News CapFiesta\"},\"image\":{\"@id\":\"https:\/\/capfiesta.fr\/news-capfiesta\/#\/schema\/logo\/image\/\"}},{\"@type\":\"WebSite\",\"@id\":\"https:\/\/capfiesta.fr\/news-capfiesta\/#website\",\"url\":\"https:\/\/capfiesta.fr\/news-capfiesta\/\",\"name\":\"Les News CapFiesta\",\"description\":\"Chapeaux, \u00e9ventails, objets publicitaires et accessoires de communication. Ethique, qualit\u00e9, s\u00e9r\u00e9nit\u00e9.\",\"publisher\":{\"@id\":\"https:\/\/capfiesta.fr\/news-capfiesta\/#organization\"},\"potentialAction\":[{\"@type\":\"SearchAction\",\"target\":{\"@type\":\"EntryPoint\",\"urlTemplate\":\"https:\/\/capfiesta.fr\/news-capfiesta\/?s={search_term_string}\"},\"query-input\":\"required name=search_term_string\"}],\"inLanguage\":\"fr-FR\"},{\"@type\":\"WebPage\",\"@id\":\"https:\/\/capfiesta.fr\/news-capfiesta\/contact\/\",\"url\":\"https:\/\/capfiesta.fr\/news-capfiesta\/contact\/\",\"name\":\"Contact - Les News CapFiesta\",\"isPartOf\":{\"@id\":\"https:\/\/capfiesta.fr\/news-capfiesta\/#website\"},\"datePublished\":\"2018-08-03T13:44:07+00:00\",\"dateModified\":\"2018-08-29T16:27:45+00:00\",\"breadcrumb\":{\"@id\":\"https:\/\/capfiesta.fr\/news-capfiesta\/contact\/#breadcrumb\"},\"inLanguage\":\"fr-FR\",\"potentialAction\":[{\"@type\":\"ReadAction\",\"target\":[\"https:\/\/capfiesta.fr\/news-capfiesta\/contact\/\"]}]},{\"@type\":\"BreadcrumbList\",\"@id\":\"https:\/\/capfiesta.fr\/news-capfiesta\/contact\/#breadcrumb\",\"itemListElement\":[{\"@type\":\"ListItem\",\"position\":1,\"name\":\"Accueil\",\"item\":\"https:\/\/capfiesta.fr\/news-capfiesta\/\"},{\"@type\":\"ListItem\",\"position\":2,\"name\":\"Contact\"}]}]}<\/script>\n<!-- \/ Yoast SEO plugin. -->","yoast_head_json":{"title":"Contact - Les News CapFiesta","robots":{"index":"index","follow":"follow","max-snippet":"max-snippet:-1","max-image-preview":"max-image-preview:large","max-video-preview":"max-video-preview:-1"},"canonical":"https:\/\/capfiesta.fr\/news-capfiesta\/contact\/","og_locale":"fr_FR","og_type":"article","og_title":"Contact - Les News CapFiesta","og_description":"D\u00e9couvrez tous nos chapeaux et \u00e9ventails publicitaires ou \u00ab\u00a0mode\u00a0\u00bb sur notre site :\u00a0 https:\/\/capfiesta.fr Nous proposons les grands classiques de la chapellerie (Indianas, Panamas, trilbys, capelines, canotiers, pork pies&#8230;) en version publicitaire ou \u00ab\u00a0mode\u00a0\u00bb, via les collections PleinSud et CapClassic. Notre collection CapCountry propose le must des chapeaux country, une collection initi\u00e9e avec nos amis &hellip; Continuer la lecture de &laquo;&nbsp;Contact&nbsp;&raquo;","og_url":"https:\/\/capfiesta.fr\/news-capfiesta\/contact\/","og_site_name":"Les News CapFiesta","article_modified_time":"2018-08-29T16:27:45+00:00","twitter_card":"summary_large_image","twitter_misc":{"Dur\u00e9e de lecture estim\u00e9e":"1 minute"},"schema":{"@context":"https:\/\/schema.org","@graph":[{"@type":"Organization","@id":"https:\/\/capfiesta.fr\/news-capfiesta\/#organization","name":"Les News CapFiesta","url":"https:\/\/capfiesta.fr\/news-capfiesta\/","sameAs":[],"logo":{"@type":"ImageObject","inLanguage":"fr-FR","@id":"https:\/\/capfiesta.fr\/news-capfiesta\/#\/schema\/logo\/image\/","url":"https:\/\/capfiesta.fr\/news-capfiesta\/wp-content\/uploads\/2018\/08\/logo_capfiesta_29_aout_news_capfiesta.png","contentUrl":"https:\/\/capfiesta.fr\/news-capfiesta\/wp-content\/uploads\/2018\/08\/logo_capfiesta_29_aout_news_capfiesta.png","width":80,"height":78,"caption":"Les News CapFiesta"},"image":{"@id":"https:\/\/capfiesta.fr\/news-capfiesta\/#\/schema\/logo\/image\/"}},{"@type":"WebSite","@id":"https:\/\/capfiesta.fr\/news-capfiesta\/#website","url":"https:\/\/capfiesta.fr\/news-capfiesta\/","name":"Les News CapFiesta","description":"Chapeaux, \u00e9ventails, objets publicitaires et accessoires de communication. Ethique, qualit\u00e9, s\u00e9r\u00e9nit\u00e9.","publisher":{"@id":"https:\/\/capfiesta.fr\/news-capfiesta\/#organization"},"potentialAction":[{"@type":"SearchAction","target":{"@type":"EntryPoint","urlTemplate":"https:\/\/capfiesta.fr\/news-capfiesta\/?s={search_term_string}"},"query-input":"required name=search_term_string"}],"inLanguage":"fr-FR"},{"@type":"WebPage","@id":"https:\/\/capfiesta.fr\/news-capfiesta\/contact\/","url":"https:\/\/capfiesta.fr\/news-capfiesta\/contact\/","name":"Contact - Les News CapFiesta","isPartOf":{"@id":"https:\/\/capfiesta.fr\/news-capfiesta\/#website"},"datePublished":"2018-08-03T13:44:07+00:00","dateModified":"2018-08-29T16:27:45+00:00","breadcrumb":{"@id":"https:\/\/capfiesta.fr\/news-capfiesta\/contact\/#breadcrumb"},"inLanguage":"fr-FR","potentialAction":[{"@type":"ReadAction","target":["https:\/\/capfiesta.fr\/news-capfiesta\/contact\/"]}]},{"@type":"BreadcrumbList","@id":"https:\/\/capfiesta.fr\/news-capfiesta\/contact\/#breadcrumb","itemListElement":[{"@type":"ListItem","position":1,"name":"Accueil","item":"https:\/\/capfiesta.fr\/news-capfiesta\/"},{"@type":"ListItem","position":2,"name":"Contact"}]}]}},"_links":{"self":[{"href":"https:\/\/capfiesta.fr\/news-capfiesta\/wp-json\/wp\/v2\/pages\/10"}],"collection":[{"href":"https:\/\/capfiesta.fr\/news-capfiesta\/wp-json\/wp\/v2\/pages"}],"about":[{"href":"https:\/\/capfiesta.fr\/news-capfiesta\/wp-json\/wp\/v2\/types\/page"}],"author":[{"embeddable":true,"href":"https:\/\/capfiesta.fr\/news-capfiesta\/wp-json\/wp\/v2\/users\/1"}],"replies":[{"embeddable":true,"href":"https:\/\/capfiesta.fr\/news-capfiesta\/wp-json\/wp\/v2\/comments?post=10"}],"version-history":[{"count":13,"href":"https:\/\/capfiesta.fr\/news-capfiesta\/wp-json\/wp\/v2\/pages\/10\/revisions"}],"predecessor-version":[{"id":466,"href":"https:\/\/capfiesta.fr\/news-capfiesta\/wp-json\/wp\/v2\/pages\/10\/revisions\/466"}],"wp:attachment":[{"href":"https:\/\/capfiesta.fr\/news-capfiesta\/wp-json\/wp\/v2\/media?parent=10"}],"curies":[{"name":"wp","href":"https:\/\/api.w.org\/{rel}","templated":true}]}}